{"id":305,"date":"2017-08-15T14:09:41","date_gmt":"2017-08-15T14:09:41","guid":{"rendered":"http:\/\/www.vic-gmbh.de\/vic-potsdam\/?page_id=305"},"modified":"2025-11-06T11:49:47","modified_gmt":"2025-11-06T11:49:47","slug":"osning-planungsgesellschaft-mbh","status":"publish","type":"page","link":"https:\/\/www.vic-gmbh.de\/vic-potsdam\/osning-planungsgesellschaft-mbh\/","title":{"rendered":"OSNING Planungsgesellschaft mbH"},"content":{"rendered":"<p>[vc_section][vc_row][vc_column][vc_column_text]<\/p>\n<div>Die OSNING Planungsgesellschaft mbH mit Sitz in Georgsmarienh\u00fctte ist seit 2012 eine 100%ige Tochter der Infraneo Deutschland GmbH. Die Planungsgesellschaft ist ein seit mehr als 35 Jahre am Markt etabliertes Ingenieurb\u00fcro, das im Bereich des Br\u00fccken- und Ingenieurbaus mit allen Leistungsphasen der HOAI und einem gro\u00dfen Erfahrungsreichtum t\u00e4tig ist.<\/div>\n<div><\/div>\n<div>Mit der \u00dcbernahme durch die Infraneo Deutschland GmbH konnte eine deutliche Erweiterung des Leistungsspektrums am Standort Georgsmarienh\u00fctte etabliert werden. Bei der Planung von Ingenieurbauwerken sollen zuk\u00fcnftig auch im Bereich der Stra\u00dfenplanung alle Leistungsphasen der HOAI abgebildet werden. Einen weiteren Leistungsschwerpunkt, der im Zusammenhang mit den verst\u00e4rkten Anstrengungen zur Bauwerkserhaltung an Bedeutung gewinnen wird, ist die Durchf\u00fchrung von Bauwerkspr\u00fcfungen und Nachrechnung von Bestandsbauwerken.<\/div>\n<div><\/div>\n<div>Basierend auf dem Know-how, den Erfahrungen und den Kapazit\u00e4ten der verschiedenen Tochterunternehmen der Infraneo Deutschland GmbH, soll in der Perspektive die gesamte Bandbreite der Leistungen am Standort angeboten und bearbeitet werden. Dazu z\u00e4hlen insbesondere Leistungen der Bau\u00fcberwachung und der Baubetriebswirtschaft, aber auch der Umweltplanung, Vermessungsleistungen, Baugrunderkundung und Materialuntersuchungen.<\/div>\n<div style=\"text-align: right;\"><a href=\"https:\/\/osning.eu\/home.html\" target=\"_blank\" rel=\"noopener noreferrer\"><img decoding=\"async\" loading=\"lazy\" class=\"alignnone wp-image-603\" src=\"http:\/\/www.vic-gmbh.de\/vic-potsdam\/wp-content\/uploads\/2017\/08\/logo_osning_rgb_kurz-300x219.jpg\" alt=\"\" width=\"136\" height=\"99\" srcset=\"https:\/\/www.vic-gmbh.de\/vic-potsdam\/wp-content\/uploads\/2017\/08\/logo_osning_rgb_kurz-300x219.jpg 300w, https:\/\/www.vic-gmbh.de\/vic-potsdam\/wp-content\/uploads\/2017\/08\/logo_osning_rgb_kurz.jpg 405w\" sizes=\"(max-width: 136px) 100vw, 136px\" \/><\/a><\/div>\n<p>[\/vc_column_text][vc_column_text]<\/p>\n<h5><strong><img decoding=\"async\" loading=\"lazy\" class=\"alignnone wp-image-742 size-medium\" src=\"http:\/\/www.vic-gmbh.de\/vic-potsdam\/wp-content\/uploads\/2018\/01\/A8060_BS_0050_ret_Mirau-e1579516068860-300x214.jpg\" alt=\"\" width=\"300\" height=\"214\" srcset=\"https:\/\/www.vic-gmbh.de\/vic-potsdam\/wp-content\/uploads\/2018\/01\/A8060_BS_0050_ret_Mirau-e1579516068860-300x214.jpg 300w, https:\/\/www.vic-gmbh.de\/vic-potsdam\/wp-content\/uploads\/2018\/01\/A8060_BS_0050_ret_Mirau-e1579516068860-768x549.jpg 768w, https:\/\/www.vic-gmbh.de\/vic-potsdam\/wp-content\/uploads\/2018\/01\/A8060_BS_0050_ret_Mirau-e1579516068860-1024x732.jpg 1024w, https:\/\/www.vic-gmbh.de\/vic-potsdam\/wp-content\/uploads\/2018\/01\/A8060_BS_0050_ret_Mirau-e1579516068860-1536x1097.jpg 1536w, https:\/\/www.vic-gmbh.de\/vic-potsdam\/wp-content\/uploads\/2018\/01\/A8060_BS_0050_ret_Mirau-e1579516068860-2048x1463.jpg 2048w\" sizes=\"(max-width: 300px) 100vw, 300px\" \/><\/strong><\/h5>\n<h5><strong>Gesch\u00e4ftsf\u00fchrer<\/strong><\/h5>\n<div>Dipl.-Ing. Robert Mirau<\/div>\n<p>[\/vc_column_text][\/vc_column][\/vc_row][\/vc_section]<\/p>\n","protected":false},"excerpt":{"rendered":"<p>[vc_section][vc_row][vc_column][vc_column_text] Die OSNING Planungsgesellschaft mbH mit Sitz in Georgsmarienh\u00fctte ist seit 2012 eine 100%ige Tochter der Infraneo Deutschland GmbH. Die Planungsgesellschaft ist ein seit mehr als 35 Jahre am Markt&hellip;<\/p>\n","protected":false},"author":1,"featured_media":0,"parent":0,"menu_order":0,"comment_status":"closed","ping_status":"closed","template":"","meta":{"_links_to":"","_links_to_target":""},"_links":{"self":[{"href":"https:\/\/www.vic-gmbh.de\/vic-potsdam\/wp-json\/wp\/v2\/pages\/305"}],"collection":[{"href":"https:\/\/www.vic-gmbh.de\/vic-potsdam\/wp-json\/wp\/v2\/pages"}],"about":[{"href":"https:\/\/www.vic-gmbh.de\/vic-potsdam\/wp-json\/wp\/v2\/types\/page"}],"author":[{"embeddable":true,"href":"https:\/\/www.vic-gmbh.de\/vic-potsdam\/wp-json\/wp\/v2\/users\/1"}],"replies":[{"embeddable":true,"href":"https:\/\/www.vic-gmbh.de\/vic-potsdam\/wp-json\/wp\/v2\/comments?post=305"}],"version-history":[{"count":11,"href":"https:\/\/www.vic-gmbh.de\/vic-potsdam\/wp-json\/wp\/v2\/pages\/305\/revisions"}],"predecessor-version":[{"id":5064,"href":"https:\/\/www.vic-gmbh.de\/vic-potsdam\/wp-json\/wp\/v2\/pages\/305\/revisions\/5064"}],"wp:attachment":[{"href":"https:\/\/www.vic-gmbh.de\/vic-potsdam\/wp-json\/wp\/v2\/media?parent=305"}],"curies":[{"name":"wp","href":"https:\/\/api.w.org\/{rel}","templated":true}]}}