{"id":585,"date":"2017-09-12T14:21:19","date_gmt":"2017-09-12T14:21:19","guid":{"rendered":"http:\/\/www.vic-gmbh.de\/vic-potsdam\/?page_id=585"},"modified":"2022-09-05T13:09:55","modified_gmt":"2022-09-05T13:09:55","slug":"dein-ausbildungsplatz-bei-vic","status":"publish","type":"page","link":"https:\/\/www.vic-gmbh.de\/vic-potsdam\/dein-ausbildungsplatz-bei-vic\/","title":{"rendered":"Ausbildung"},"content":{"rendered":"<p>[vc_row 0=&#8220;&#8220;][vc_column 0=&#8220;&#8220;][vc_column_text][\/vc_column_text][vc_tta_accordion active_section=&#8220;0&#8243; collapsible_all=&#8220;true&#8220;][vc_tta_section title=&#8220;Auszubildende f\u00fcr den Beruf Bauzeichner (m\/w\/d) in der Fachrichtung Tief-, Stra\u00dfen-, Landschafts- oder Ingenieurbau&#8220; tab_id=&#8220;1625124523726-08cd5c31-8746&#8243;][vc_column_text 0=&#8220;&#8220;]Dich faszinieren Br\u00fccken und Stra\u00dfen? Du wolltest schon immer etwas \u201cschaffen\u201d das Bestand hat?<br \/>\nDein Interesse liegt in einer anspruchsvollen B\u00fcrot\u00e4tigkeit, bei der Du die Ingenieure in der Planung von Verkehrsanlagen, Br\u00fccken und Ingenieurbauwerken unterst\u00fctzen kannst?<br \/>\nDu besitzt (zu Ausbildungsbeginn) mindestens die Fachoberschulreife mit \u00fcberwiegend guten Noten oder einen vergleichbaren Schulabschluss?<br \/>\nTeamf\u00e4higkeit, Eigeninitiative und gute Kommunikationseigenschaften erg\u00e4nzen Dein Profil, zu dem r\u00e4umliches Vorstellungsverm\u00f6gen, mathematisches Geschick und technisches Verst\u00e4ndnis geh\u00f6ren?<br \/>\nDann bist Du bei uns genau richtig!<br \/>\nWir freuen uns auf Deine Bewerbung.<\/p>\n<p><strong>Bewerbung<\/strong><\/p>\n<div class=\"wpcf7 no-js\" id=\"wpcf7-f2996-o1\" lang=\"de-DE\" dir=\"ltr\">\n<div class=\"screen-reader-response\"><p role=\"status\" aria-live=\"polite\" aria-atomic=\"true\"><\/p> <ul><\/ul><\/div>\n<form action=\"\/vic-potsdam\/wp-json\/wp\/v2\/pages\/585#wpcf7-f2996-o1\" method=\"post\" class=\"wpcf7-form init\" aria-label=\"Kontaktformular\" enctype=\"multipart\/form-data\" novalidate=\"novalidate\" data-status=\"init\">\n<div style=\"display: none;\">\n<input type=\"hidden\" name=\"_wpcf7\" value=\"2996\" \/>\n<input type=\"hidden\" name=\"_wpcf7_version\" value=\"5.8.7\" \/>\n<input type=\"hidden\" name=\"_wpcf7_locale\" value=\"de_DE\" \/>\n<input type=\"hidden\" name=\"_wpcf7_unit_tag\" value=\"wpcf7-f2996-o1\" \/>\n<input type=\"hidden\" name=\"_wpcf7_container_post\" value=\"0\" \/>\n<input type=\"hidden\" name=\"_wpcf7_posted_data_hash\" value=\"\" \/>\n<\/div>\n<p> Dein Name (erforderlich)\n<\/p>\n<p><span class=\"wpcf7-form-control-wrap\" data-name=\"your-name\"><input size=\"40\" class=\"wpcf7-form-control wpcf7-text wpcf7-validates-as-required\" aria-required=\"true\" aria-invalid=\"false\" value=\"\" type=\"text\" name=\"your-name\" \/><\/span>\n<\/p>\n<p> Deine E-Mail-Adresse (erforderlich)\n<\/p>\n<p><span class=\"wpcf7-form-control-wrap\" data-name=\"your-email\"><input size=\"40\" class=\"wpcf7-form-control wpcf7-email wpcf7-validates-as-required wpcf7-text wpcf7-validates-as-email\" aria-required=\"true\" aria-invalid=\"false\" value=\"\" type=\"email\" name=\"your-email\" \/><\/span>\n<\/p>\n<p> Deine Telefonnummer (erforderlich)\n<\/p>\n<p><span class=\"wpcf7-form-control-wrap\" data-name=\"tel-296\"><input size=\"40\" class=\"wpcf7-form-control wpcf7-tel wpcf7-validates-as-required wpcf7-text wpcf7-validates-as-tel\" aria-required=\"true\" aria-invalid=\"false\" value=\"\" type=\"tel\" name=\"tel-296\" \/><\/span>\n<\/p>\n<p> Betreff\n<\/p>\n<p><span class=\"wpcf7-form-control-wrap\" data-name=\"your-subject\"><input size=\"40\" class=\"wpcf7-form-control wpcf7-text\" aria-invalid=\"false\" value=\"\" type=\"text\" name=\"your-subject\" \/><\/span>\n<\/p>\n<p> w\u00e4hlen Sie einen Standort\n<\/p>\n<p><span class=\"wpcf7-form-control-wrap\" data-name=\"radio-433\"><span class=\"wpcf7-form-control wpcf7-radio\"><span class=\"wpcf7-list-item first last\"><label><input type=\"radio\" name=\"radio-433\" value=\"Potsdam\" checked=\"checked\" \/><span class=\"wpcf7-list-item-label\">Potsdam<\/span><\/label><\/span><\/span><\/span><br \/>\n<span class=\"wpcf7-form-control-wrap\" data-name=\"radio-433\"><span class=\"wpcf7-form-control wpcf7-radio\"><span class=\"wpcf7-list-item first last\"><label><input type=\"radio\" name=\"radio-433\" value=\"Dresden\" checked=\"checked\" \/><span class=\"wpcf7-list-item-label\">Dresden<\/span><\/label><\/span><\/span><\/span>\n<\/p>\n<p> w\u00e4hlen Sie eine T\u00e4tigkeitsbeschreibung\n<\/p>\n<p><span class=\"wpcf7-form-control-wrap\" data-name=\"radio-553\"><span class=\"wpcf7-form-control wpcf7-radio\"><span class=\"wpcf7-list-item first last\"><label><input type=\"radio\" name=\"radio-553\" value=\"Auszubildende f\u00fcr den Beruf Bauzeichner (m\/w\/d) in der Fachrichtung Tief-, Stra\u00dfen-, Landschafts- oder Ingenieurbau\" checked=\"checked\" \/><span class=\"wpcf7-list-item-label\">Auszubildende f\u00fcr den Beruf Bauzeichner (m\/w\/d) in der Fachrichtung Tief-, Stra\u00dfen-, Landschafts- oder Ingenieurbau<\/span><\/label><\/span><\/span><\/span>\n<\/p>\n<p> Deine Nachricht\n<\/p>\n<p><span class=\"wpcf7-form-control-wrap\" data-name=\"your-message\"><textarea cols=\"40\" rows=\"10\" class=\"wpcf7-form-control wpcf7-textarea\" aria-invalid=\"false\" name=\"your-message\"><\/textarea><\/span>\n<\/p>\n<p> Hier kannst du deine Bewerbung als PDF-Dokument hochladen (max 4MB):\n<\/p>\n<p><span class=\"wpcf7-form-control-wrap\" data-name=\"your-file\"><input size=\"40\" class=\"wpcf7-form-control wpcf7-file\" accept=\".pdf\" aria-invalid=\"false\" type=\"file\" name=\"your-file\" \/><\/span>\n<\/p>\n<p><span class=\"wpcf7-form-control-wrap\" data-name=\"acceptance-719\"><span class=\"wpcf7-form-control wpcf7-acceptance\"><span class=\"wpcf7-list-item\"><label><input type=\"checkbox\" name=\"acceptance-719\" value=\"1\" aria-invalid=\"false\" \/><span class=\"wpcf7-list-item-label\">Ich habe die <a href=\"https:\/\/www.vic-gmbh.de\/vic-potsdam\/impressum-gem-p-5-tmg\" target=\"_blank\">Datenschutzbestimmungen<\/a> gelesen und stimme zu.<\/span><\/label><\/span><\/span><\/span>\n<\/p>\n<p><input class=\"wpcf7-form-control wpcf7-submit has-spinner\" type=\"submit\" value=\"Senden\" \/>\n<\/p><div class=\"wpcf7-response-output\" aria-hidden=\"true\"><\/div>\n<\/form>\n<\/div>\n[\/vc_column_text][\/vc_tta_section][vc_tta_section title=&#8220;Auszubildende f\u00fcr den Beruf Baustoffpr\u00fcfer (m\/w\/d)&#8220; tab_id=&#8220;1625124523726-a56e170f-eb1c&#8220;][vc_column_text 0=&#8220;&#8220;]Dich faszinieren Baustoffe aller Art? Bei uns kannst du dich w\u00e4hrend deiner Ausbildungszeit mit der Pr\u00fcfung von Asphalt, Beton und Erdstoffen besch\u00e4ftigen.<br \/>\nDu besitzt (zu Ausbildungsbeginn) mindestens die mittlere Reife? Teamf\u00e4higkeit, Lernbereitschaft, Zuverl\u00e4ssigkeit und Sorgfalt erg\u00e4nzen Dein Profil, zu dem handwerkliches Geschick und ein gutes technisches Verst\u00e4ndnis geh\u00f6ren?<br \/>\nDann bist Du bei uns genau richtig!<br \/>\nWir freuen uns auf Deine Bewerbung.<br \/>\n***Es besteht die M\u00f6glichkeit im Vorfeld ein Praktikum zu absolvieren.***<br \/>\nSchau doch auch direkt auf unsere Homepage, um mehr Details zu erfahren.<\/p>\n<p><strong>Bewerbung<\/strong><\/p>\n<div class=\"wpcf7 no-js\" id=\"wpcf7-f2998-o2\" lang=\"de-DE\" dir=\"ltr\">\n<div class=\"screen-reader-response\"><p role=\"status\" aria-live=\"polite\" aria-atomic=\"true\"><\/p> <ul><\/ul><\/div>\n<form action=\"\/vic-potsdam\/wp-json\/wp\/v2\/pages\/585#wpcf7-f2998-o2\" method=\"post\" class=\"wpcf7-form init\" aria-label=\"Kontaktformular\" enctype=\"multipart\/form-data\" novalidate=\"novalidate\" data-status=\"init\">\n<div style=\"display: none;\">\n<input type=\"hidden\" name=\"_wpcf7\" value=\"2998\" \/>\n<input type=\"hidden\" name=\"_wpcf7_version\" value=\"5.8.7\" \/>\n<input type=\"hidden\" name=\"_wpcf7_locale\" value=\"de_DE\" \/>\n<input type=\"hidden\" name=\"_wpcf7_unit_tag\" value=\"wpcf7-f2998-o2\" \/>\n<input type=\"hidden\" name=\"_wpcf7_container_post\" value=\"0\" \/>\n<input type=\"hidden\" name=\"_wpcf7_posted_data_hash\" value=\"\" \/>\n<\/div>\n<p> Dein Name (erforderlich)\n<\/p>\n<p><span class=\"wpcf7-form-control-wrap\" data-name=\"your-name\"><input size=\"40\" class=\"wpcf7-form-control wpcf7-text wpcf7-validates-as-required\" aria-required=\"true\" aria-invalid=\"false\" value=\"\" type=\"text\" name=\"your-name\" \/><\/span>\n<\/p>\n<p> Deine E-Mail-Adresse (erforderlich)\n<\/p>\n<p><span class=\"wpcf7-form-control-wrap\" data-name=\"your-email\"><input size=\"40\" class=\"wpcf7-form-control wpcf7-email wpcf7-validates-as-required wpcf7-text wpcf7-validates-as-email\" aria-required=\"true\" aria-invalid=\"false\" value=\"\" type=\"email\" name=\"your-email\" \/><\/span>\n<\/p>\n<p> Deine Telefonnummer (erforderlich)\n<\/p>\n<p><span class=\"wpcf7-form-control-wrap\" data-name=\"tel-296\"><input size=\"40\" class=\"wpcf7-form-control wpcf7-tel wpcf7-validates-as-required wpcf7-text wpcf7-validates-as-tel\" aria-required=\"true\" aria-invalid=\"false\" value=\"\" type=\"tel\" name=\"tel-296\" \/><\/span>\n<\/p>\n<p> Betreff\n<\/p>\n<p><span class=\"wpcf7-form-control-wrap\" data-name=\"your-subject\"><input size=\"40\" class=\"wpcf7-form-control wpcf7-text\" aria-invalid=\"false\" value=\"\" type=\"text\" name=\"your-subject\" \/><\/span>\n<\/p>\n<p> w\u00e4hlen Sie einen Standort\n<\/p>\n<p><span class=\"wpcf7-form-control-wrap\" data-name=\"radio-433\"><span class=\"wpcf7-form-control wpcf7-radio\"><span class=\"wpcf7-list-item first\"><label><input type=\"radio\" name=\"radio-433\" value=\"Stahnsdorf\" checked=\"checked\" \/><span class=\"wpcf7-list-item-label\">Stahnsdorf<\/span><\/label><\/span><span class=\"wpcf7-list-item last\"><label><input type=\"radio\" name=\"radio-433\" value=\"Weimar\" \/><span class=\"wpcf7-list-item-label\">Weimar<\/span><\/label><\/span><\/span><\/span>\n<\/p>\n<p> w\u00e4hlen Sie eine T\u00e4tigkeitsbeschreibung\n<\/p>\n<p><span class=\"wpcf7-form-control-wrap\" data-name=\"radio-553\"><span class=\"wpcf7-form-control wpcf7-radio\"><span class=\"wpcf7-list-item first last\"><label><input type=\"radio\" name=\"radio-553\" value=\"Auszubildende f\u00fcr den Beruf Baustoffpr\u00fcfer (m\/w\/d)\" checked=\"checked\" \/><span class=\"wpcf7-list-item-label\">Auszubildende f\u00fcr den Beruf Baustoffpr\u00fcfer (m\/w\/d)<\/span><\/label><\/span><\/span><\/span>\n<\/p>\n<p> Deine Nachricht\n<\/p>\n<p><span class=\"wpcf7-form-control-wrap\" data-name=\"your-message\"><textarea cols=\"40\" rows=\"10\" class=\"wpcf7-form-control wpcf7-textarea\" aria-invalid=\"false\" name=\"your-message\"><\/textarea><\/span>\n<\/p>\n<p> Hier kannst du deine Bewerbung als PDF-Dokument hochladen (max 4MB):\n<\/p>\n<p><span class=\"wpcf7-form-control-wrap\" data-name=\"your-file\"><input size=\"40\" class=\"wpcf7-form-control wpcf7-file\" accept=\".pdf\" aria-invalid=\"false\" type=\"file\" name=\"your-file\" \/><\/span>\n<\/p>\n<p><span class=\"wpcf7-form-control-wrap\" data-name=\"acceptance-719\"><span class=\"wpcf7-form-control wpcf7-acceptance\"><span class=\"wpcf7-list-item\"><label><input type=\"checkbox\" name=\"acceptance-719\" value=\"1\" aria-invalid=\"false\" \/><span class=\"wpcf7-list-item-label\">Ich habe die <a href=\"https:\/\/www.vic-gmbh.de\/vic-potsdam\/impressum-gem-p-5-tmg\" target=\"_blank\">Datenschutzbestimmungen<\/a> gelesen und stimme zu.<\/span><\/label><\/span><\/span><\/span>\n<\/p>\n<p><input class=\"wpcf7-form-control wpcf7-submit has-spinner\" type=\"submit\" value=\"Senden\" \/>\n<\/p><div class=\"wpcf7-response-output\" aria-hidden=\"true\"><\/div>\n<\/form>\n<\/div>\n[\/vc_column_text][\/vc_tta_section][\/vc_tta_accordion][\/vc_column][\/vc_row][vc_row][vc_column][\/vc_column][\/vc_row]<\/p>\n","protected":false},"excerpt":{"rendered":"<p>[vc_row 0=&#8220;&#8220;][vc_column 0=&#8220;&#8220;][vc_column_text][\/vc_column_text][vc_tta_accordion active_section=&#8220;0&#8243; collapsible_all=&#8220;true&#8220;][vc_tta_section title=&#8220;Auszubildende f\u00fcr den Beruf Bauzeichner (m\/w\/d) in der Fachrichtung Tief-, Stra\u00dfen-, Landschafts- oder Ingenieurbau&#8220; tab_id=&#8220;1625124523726-08cd5c31-8746&#8243;][vc_column_text 0=&#8220;&#8220;]Dich faszinieren Br\u00fccken und Stra\u00dfen? Du wolltest schon immer etwas&hellip;<\/p>\n","protected":false},"author":1,"featured_media":0,"parent":0,"menu_order":0,"comment_status":"closed","ping_status":"closed","template":"","meta":{"_links_to":"","_links_to_target":""},"_links":{"self":[{"href":"https:\/\/www.vic-gmbh.de\/vic-potsdam\/wp-json\/wp\/v2\/pages\/585"}],"collection":[{"href":"https:\/\/www.vic-gmbh.de\/vic-potsdam\/wp-json\/wp\/v2\/pages"}],"about":[{"href":"https:\/\/www.vic-gmbh.de\/vic-potsdam\/wp-json\/wp\/v2\/types\/page"}],"author":[{"embeddable":true,"href":"https:\/\/www.vic-gmbh.de\/vic-potsdam\/wp-json\/wp\/v2\/users\/1"}],"replies":[{"embeddable":true,"href":"https:\/\/www.vic-gmbh.de\/vic-potsdam\/wp-json\/wp\/v2\/comments?post=585"}],"version-history":[{"count":35,"href":"https:\/\/www.vic-gmbh.de\/vic-potsdam\/wp-json\/wp\/v2\/pages\/585\/revisions"}],"predecessor-version":[{"id":3551,"href":"https:\/\/www.vic-gmbh.de\/vic-potsdam\/wp-json\/wp\/v2\/pages\/585\/revisions\/3551"}],"wp:attachment":[{"href":"https:\/\/www.vic-gmbh.de\/vic-potsdam\/wp-json\/wp\/v2\/media?parent=585"}],"curies":[{"name":"wp","href":"https:\/\/api.w.org\/{rel}","templated":true}]}}